{"id":36,"date":"2014-11-02T23:32:01","date_gmt":"2014-11-02T21:32:01","guid":{"rendered":"http:\/\/wp12238834.server-he.de\/?page_id=36"},"modified":"2015-05-16T22:04:42","modified_gmt":"2015-05-16T21:04:42","slug":"willkommen-2","status":"publish","type":"page","link":"http:\/\/immobilien-ursula-mueller.de\/","title":{"rendered":"Willkommen"},"content":{"rendered":"<p>&nbsp;<\/p>\n<p>Willkommen bei <strong>Immobilien Ursula Mueller<\/strong>.<\/p>\n<div>Ich freue mich sehr, Sie auf meiner Seite begr\u00fc\u00dfen zu d\u00fcrfen.<\/div>\n<p>&nbsp;<\/p>\n<div>Wohnraum hat f\u00fcr jeden Mensch eine eigene Bedeutung.<\/div>\n<div>Ganz besonders dann, wenn aus den unterschiedlichsten Gr\u00fcnden ein Wechsel\/Wandel bevorsteht.<\/div>\n<div>Die vertraute Umgebung los zu lassen und eine passende Zuk\u00fcnftige zu finden, ist ein sehr individueller Prozess.<\/div>\n<div>Diesen sensibel zu begleiten und daf\u00fcr zu sorgen, dass er rechtlich sicher vollzogen wird,<\/div>\n<div>sehe ich als meine Aufgabe.<\/div>\n<p>Neben der klassischen Vermittlung besch\u00e4ftige ich mich seit Jahren\u00a0mit der Neubelebung von historischen Leerst\u00e4nden.<\/p>\n<p>Diese mittels Neu- und Umplanungen einer zeitgem\u00e4\u00dfen Nutzung zuzuf\u00fchren, ohne seine bestehende Gestalt zu zerst\u00f6ren, steht f\u00fcr mich bei dieser Arbeit im Vordergrund.<\/p>\n<p>Dadurch entstehen spannende Wohn- und Gesch\u00e4ftsr\u00e4ume, bei denen sichtbar Vergangenes auf die jeweils gegenw\u00e4rtige Formensprache trifft.<\/p>\n<div>Informieren Sie sich \u00fcber meine Serviceleistungen und derzeitigen Angebote<\/div>\n<div>und \/ oder kontaktieren Sie mich telefonisch f\u00fcr ein pers\u00f6nliches Beratungsgespr\u00e4ch.<\/div>\n<p>&nbsp;<\/p>\n<p>Ursula Mueller, Inh., dipl. Des.<\/p>\n<p>07272.955811<\/p>\n<p>01520.2332288<\/p>\n","protected":false},"excerpt":{"rendered":"<p>&nbsp; Willkommen bei Immobilien Ursula Mueller. Ich freue mich sehr, Sie auf meiner Seite begr\u00fc\u00dfen zu d\u00fcrfen. &nbsp; Wohnraum hat f\u00fcr jeden Mensch eine eigene Bedeutung. Ganz besonders dann, wenn aus den unterschiedlichsten Gr\u00fcnden ein Wechsel\/Wandel bevorsteht. Die vertraute Umgebung los zu lassen und eine passende Zuk\u00fcnftige zu finden, ist ein sehr individueller Prozess. Diesen [&hellip;]<\/p>\n","protected":false},"author":1,"featured_media":0,"parent":0,"menu_order":0,"comment_status":"closed","ping_status":"closed","template":"","meta":{"footnotes":""},"class_list":["post-36","page","type-page","status-publish","hentry"],"_links":{"self":[{"href":"http:\/\/immobilien-ursula-mueller.de\/index.php?rest_route=\/wp\/v2\/pages\/36","targetHints":{"allow":["GET"]}}],"collection":[{"href":"http:\/\/immobilien-ursula-mueller.de\/index.php?rest_route=\/wp\/v2\/pages"}],"about":[{"href":"http:\/\/immobilien-ursula-mueller.de\/index.php?rest_route=\/wp\/v2\/types\/page"}],"author":[{"embeddable":true,"href":"http:\/\/immobilien-ursula-mueller.de\/index.php?rest_route=\/wp\/v2\/users\/1"}],"replies":[{"embeddable":true,"href":"http:\/\/immobilien-ursula-mueller.de\/index.php?rest_route=%2Fwp%2Fv2%2Fcomments&post=36"}],"version-history":[{"count":21,"href":"http:\/\/immobilien-ursula-mueller.de\/index.php?rest_route=\/wp\/v2\/pages\/36\/revisions"}],"predecessor-version":[{"id":313,"href":"http:\/\/immobilien-ursula-mueller.de\/index.php?rest_route=\/wp\/v2\/pages\/36\/revisions\/313"}],"wp:attachment":[{"href":"http:\/\/immobilien-ursula-mueller.de\/index.php?rest_route=%2Fwp%2Fv2%2Fmedia&parent=36"}],"curies":[{"name":"wp","href":"https:\/\/api.w.org\/{rel}","templated":true}]}}