{"id":7,"date":"2014-11-02T23:23:22","date_gmt":"2014-11-02T21:23:22","guid":{"rendered":"http:\/\/wp12238834.server-he.de\/?page_id=7"},"modified":"2014-12-03T22:32:20","modified_gmt":"2014-12-03T21:32:20","slug":"immobilie-verkaufen","status":"publish","type":"page","link":"http:\/\/immobilien-ursula-mueller.de\/?page_id=7","title":{"rendered":"Immobilien verkaufen"},"content":{"rendered":"<p><strong>Sie m\u00f6chten Ihre Immobilie verkaufen?<\/strong><\/p>\n<p><strong>Ich suche f\u00fcr bestehende Kunden<\/strong><\/p>\n<p>Einfamilienh\u00e4user<br \/>\nDoppelhaush\u00e4lften<br \/>\nReihenh\u00e4user<br \/>\nWohnungen<\/p>\n<p><strong>in den Regionen GER, LD, S\u00dcW, NW, SP und gerne dar\u00fcber hinaus.<\/strong><\/p>\n<p><strong>Meine Dienstleistungen f\u00fcr Sie als Verk\u00e4ufer\/in von Bestandsimmobilien<\/strong><\/p>\n<ul>\n<li>Unverbindliches Erstberaten<\/li>\n<li>Begehen Ihrer Immobilie und Erstellen von fotografischem Bildmaterial<\/li>\n<li>Fundiertes Wertermitteln Ihrer Immobilie und Recherchieren der aktuellen Marktlage<\/li>\n<li>Einholen und Aufbereiten aller notwendigen Unterlagen (Pl\u00e4ne, Grundbuchauszug, Fl\u00e4chenberechnung, Teilungserkl\u00e4rung, Lageplan)<\/li>\n<li>Erstellen von aussagekr\u00e4ftigem Werbematerial (Expos\u00e9, Werbetexte)<\/li>\n<li>Aktives Inserieren in allen relevanten Printmedien sowie in den marktf\u00fchrenden Internetportalen und auf meiner Seite www.immobilien-ursula-mueller.de<\/li>\n<li>Koordinieren und Durchf\u00fchren von Besichtigungsterminen mit gezielt ausgew\u00e4hlten Interessenten.<\/li>\n<li>Betreuen des gesamten Verkaufsablaufes der Immobilie, wie Verhandlungsgespr\u00e4che, Bonit\u00e4tspr\u00fcfung, Reservierung, Vorbereitung der Notarvertr\u00e4ge, Korrektur- und Erg\u00e4nzungsma\u00dfnahmen der Vertragsentw\u00fcrfe, Anwesenheit bei der Beurkundung, \u00dcberwachung der Vertragsausf\u00fchrung, auf Wunsch Anwesenheit bei der \u00dcbergabe.<\/li>\n<\/ul>\n<p><strong>Sie m\u00f6chten Ihr Grundst\u00fcck verkaufen?<\/strong><\/p>\n<p><strong>Ich suche<\/strong><\/p>\n<p>Grundst\u00fccke<\/p>\n<p><strong>und plane Bebauungen f\u00fcr bestehende Kunden<br \/>\n<\/strong><strong>in den Regionen GER, LD, S\u00dcW, NW, SP und gerne dar\u00fcber hinaus.<\/strong><\/p>\n<p><strong>Meine Dienstleistungen f\u00fcr Sie als Verk\u00e4ufer\/in von Grundst\u00fccken<\/strong><\/p>\n<ul>\n<li>Unverbindliches Erstberaten<\/li>\n<li>Begehen des Grundst\u00fcckes und Erstellen von fotografischem Bildmaterial<\/li>\n<li>Fundiertes Wertermitteln Ihres Grundst\u00fcckes und Recherchieren der aktuellen Marktlage<\/li>\n<li>Einholen und Aufbereiten aller notwendigen Unterlagen (Grundbuchauszug, Lageplan, Bebauungsplan)<\/li>\n<li>Planen der Bebauung und Pr\u00fcfen der Umsetzbarkeit mittels Bauvoranfrage bei der zust\u00e4ndigen Baubeh\u00f6rde<\/li>\n<li>Einholen von Angeboten bei mehreren Bauunternehmern der Region<\/li>\n<li>Kalkulieren der projektierten Bebauung<\/li>\n<li>Erstellen von aussagekr\u00e4ftigem Werbematerial (Expos\u00e9, Werbetexte, Baubeschilderung)<\/li>\n<li>Aktives Inserieren in allen relevanten Printmedien sowie in den marktf\u00fchrenden Internetportalen und auf meiner Seite www.immobilien-ursula-mueller.de<\/li>\n<li>Koordinieren und Durchf\u00fchren von Beratungsterminen mit gezielt ausgew\u00e4hlten Interessenten.<\/li>\n<li>Betreuen des gesamten Verkaufsablaufes des Grundst\u00fcckes, wie Verhandlungsgespr\u00e4che, Bonit\u00e4tspr\u00fcfung, Reservierung, Vorbereitung der Notarvertr\u00e4ge, Korrektur- und Erg\u00e4nzungsma\u00dfnahmen der Vertragsentw\u00fcrfe, Anwesenheit bei der Beurkundung, \u00dcberwachung der Vertragsausf\u00fchrung.<\/li>\n<\/ul>\n<p>Kontaktieren<br \/>\nSie mich per <a href=\"mailto:immobilien@i-u-m.de\">email<\/a> oder Telefon und lernen Sie mich bei einem<br \/>\nunverbindlichen Termin pers\u00f6nlich kennen, ich w\u00fcrde mich sehr freuen.<\/p>\n<p>Immobilien Ursula Mueller, Inh., dipl.Des<\/p>\n<p>07272 &#8211; 955811<br \/>\n01520 &#8211; 2332288<\/p>\n","protected":false},"excerpt":{"rendered":"<p>Sie m\u00f6chten Ihre Immobilie verkaufen? Ich suche f\u00fcr bestehende Kunden Einfamilienh\u00e4user Doppelhaush\u00e4lften Reihenh\u00e4user Wohnungen in den Regionen GER, LD, S\u00dcW, NW, SP und gerne dar\u00fcber hinaus. Meine Dienstleistungen f\u00fcr Sie als Verk\u00e4ufer\/in von Bestandsimmobilien Unverbindliches Erstberaten Begehen Ihrer Immobilie und Erstellen von fotografischem Bildmaterial Fundiertes Wertermitteln Ihrer Immobilie und Recherchieren der aktuellen Marktlage Einholen und [&hellip;]<\/p>\n","protected":false},"author":1,"featured_media":0,"parent":0,"menu_order":1,"comment_status":"closed","ping_status":"closed","template":"","meta":{"footnotes":""},"class_list":["post-7","page","type-page","status-publish","hentry"],"_links":{"self":[{"href":"http:\/\/immobilien-ursula-mueller.de\/index.php?rest_route=\/wp\/v2\/pages\/7","targetHints":{"allow":["GET"]}}],"collection":[{"href":"http:\/\/immobilien-ursula-mueller.de\/index.php?rest_route=\/wp\/v2\/pages"}],"about":[{"href":"http:\/\/immobilien-ursula-mueller.de\/index.php?rest_route=\/wp\/v2\/types\/page"}],"author":[{"embeddable":true,"href":"http:\/\/immobilien-ursula-mueller.de\/index.php?rest_route=\/wp\/v2\/users\/1"}],"replies":[{"embeddable":true,"href":"http:\/\/immobilien-ursula-mueller.de\/index.php?rest_route=%2Fwp%2Fv2%2Fcomments&post=7"}],"version-history":[{"count":2,"href":"http:\/\/immobilien-ursula-mueller.de\/index.php?rest_route=\/wp\/v2\/pages\/7\/revisions"}],"predecessor-version":[{"id":147,"href":"http:\/\/immobilien-ursula-mueller.de\/index.php?rest_route=\/wp\/v2\/pages\/7\/revisions\/147"}],"wp:attachment":[{"href":"http:\/\/immobilien-ursula-mueller.de\/index.php?rest_route=%2Fwp%2Fv2%2Fmedia&parent=7"}],"curies":[{"name":"wp","href":"https:\/\/api.w.org\/{rel}","templated":true}]}}