{"id":11,"date":"2014-11-02T23:24:10","date_gmt":"2014-11-02T21:24:10","guid":{"rendered":"http:\/\/wp12238834.server-he.de\/?page_id=11"},"modified":"2016-07-08T20:46:29","modified_gmt":"2016-07-08T19:46:29","slug":"projektierung","status":"publish","type":"page","link":"https:\/\/immobilien-ursula-mueller.de\/?page_id=11","title":{"rendered":"Projektierungen"},"content":{"rendered":"<p>PROJEKTIERUNG in historischem Bestand<\/p>\n<p>Idee dieser Projektierungen ist die Neubelebung nicht genutzter, oft jahrelang leerstehender Geb\u00e4ude.<\/p>\n<p>Alternativ zum Abriss werden hierbei Visionen entwickelt, welche es erm\u00f6glichen, das Bestehende weitestgehend zu erhalten und moderne Architektur in den Bestand zu integrieren<br \/>\nEs entstehen einmalige Wohnr\u00e4ume, welche einerseits heutigen Anforderungen entsprechen, und andererseits die vergangenen Strukturen in Ihrem Wert achten, erhalten und erg\u00e4nzen.<\/p>\n<p>&nbsp;<\/p>\n<p>M\u00d6GLICHKEITEN<\/p>\n<p>&nbsp;<\/p>\n<p>Sie interessieren sich f\u00fcr eines dieser vorgestellten Projekte und m\u00f6chten mehr dar\u00fcber erfahren?<\/p>\n<p><em>Gerne berate ich Sie transparent im Detail \u00fcber den Gesamtablauf der jeweiligen Projektierung, im Besonderen \u00fcber planerische und baurechtliche Fragen sowie die rechtliche Form der Vertragsgestaltung mit Grundst\u00fcckseigent\u00fcmer, Architekten und bauausf\u00fchrende Unternehmen.<br \/>\n<\/em><\/p>\n<p>&nbsp;<\/p>\n<p>Sie besitzen selbst ein ungenutztes Anwesen, f\u00fcr welches Sie vielleicht bisher keine zeitgem\u00e4\u00dfe Verwendung sehen?<\/p>\n<p><em>Gerne entwickele ich speziell f\u00fcr Ihr Anwesen ein zeitgem\u00e4\u00dfes KONZEPT, welches sich dardurch besser verkaufen l\u00e4\u00dft, oder\u00a0 f\u00fcr Sie selbst als Wohnort wieder interessant wird.<br \/>\n<\/em><\/p>\n<p>&nbsp;<\/p>\n<p>Rufen Sie einfach an und lernen Sie mich bei einem pers\u00f6nlichen Gespr\u00e4ch kennen,<\/p>\n<p>ich w\u00fcrde mich sehr freuen.<\/p>\n<p>Immobilien Ursula Mueller,<\/p>\n<p>Inh., dipl. Des.<\/p>\n<p>&nbsp;<\/p>\n<p>07272 &#8211; 955811<br \/>\n01520 &#8211; 2332288<\/p>\n","protected":false},"excerpt":{"rendered":"<p>PROJEKTIERUNG in historischem Bestand Idee dieser Projektierungen ist die Neubelebung nicht genutzter, oft jahrelang leerstehender Geb\u00e4ude. Alternativ zum Abriss werden hierbei Visionen entwickelt, welche es erm\u00f6glichen, das Bestehende weitestgehend zu erhalten und moderne Architektur in den Bestand zu integrieren Es entstehen einmalige Wohnr\u00e4ume, welche einerseits heutigen Anforderungen entsprechen, und andererseits die vergangenen Strukturen in Ihrem [&hellip;]<\/p>\n","protected":false},"author":1,"featured_media":0,"parent":0,"menu_order":3,"comment_status":"closed","ping_status":"closed","template":"","meta":{"footnotes":""},"class_list":["post-11","page","type-page","status-publish","hentry"],"_links":{"self":[{"href":"https:\/\/immobilien-ursula-mueller.de\/index.php?rest_route=\/wp\/v2\/pages\/11","targetHints":{"allow":["GET"]}}],"collection":[{"href":"https:\/\/immobilien-ursula-mueller.de\/index.php?rest_route=\/wp\/v2\/pages"}],"about":[{"href":"https:\/\/immobilien-ursula-mueller.de\/index.php?rest_route=\/wp\/v2\/types\/page"}],"author":[{"embeddable":true,"href":"https:\/\/immobilien-ursula-mueller.de\/index.php?rest_route=\/wp\/v2\/users\/1"}],"replies":[{"embeddable":true,"href":"https:\/\/immobilien-ursula-mueller.de\/index.php?rest_route=%2Fwp%2Fv2%2Fcomments&post=11"}],"version-history":[{"count":11,"href":"https:\/\/immobilien-ursula-mueller.de\/index.php?rest_route=\/wp\/v2\/pages\/11\/revisions"}],"predecessor-version":[{"id":416,"href":"https:\/\/immobilien-ursula-mueller.de\/index.php?rest_route=\/wp\/v2\/pages\/11\/revisions\/416"}],"wp:attachment":[{"href":"https:\/\/immobilien-ursula-mueller.de\/index.php?rest_route=%2Fwp%2Fv2%2Fmedia&parent=11"}],"curies":[{"name":"wp","href":"https:\/\/api.w.org\/{rel}","templated":true}]}}