{"id":13,"date":"2014-11-02T23:24:41","date_gmt":"2014-11-02T22:24:41","guid":{"rendered":"http:\/\/wp12238834.server-he.de\/?page_id=13"},"modified":"2015-04-18T21:12:18","modified_gmt":"2015-04-18T20:12:18","slug":"67269-gruenstadt","status":"publish","type":"page","link":"https:\/\/immobilien-ursula-mueller.de\/?page_id=13","title":{"rendered":"67269 Gr\u00fcnstadt"},"content":{"rendered":"<p><a href=\"https:\/\/iumdotnet.files.wordpress.com\/2014\/10\/bildschirmfoto-2014-10-19-um-12-38-47.png\"><img loading=\"lazy\" decoding=\"async\" class=\"alignnone size-medium wp-image-208\" src=\"https:\/\/iumdotnet.files.wordpress.com\/2014\/10\/bildschirmfoto-2014-10-19-um-12-38-47.png?w=300\" alt=\"Bildschirmfoto 2014-10-19 um 12.38.47\" width=\"300\" height=\"210\" \/><\/a><\/p>\n<p><a href=\"https:\/\/iumdotnet.files.wordpress.com\/2014\/10\/bildschirmfoto-2014-10-19-um-12-38-59.png\"><img loading=\"lazy\" decoding=\"async\" class=\"alignnone size-medium wp-image-209\" src=\"https:\/\/iumdotnet.files.wordpress.com\/2014\/10\/bildschirmfoto-2014-10-19-um-12-38-59.png?w=207\" alt=\"Bildschirmfoto 2014-10-19 um 12.38.59\" width=\"207\" height=\"300\" \/><\/a><\/p>\n<p><strong>Projektierung<\/strong><\/p>\n<p>\u201cGr\u00fcnderzeit_ Wohnhaus 1902\u201d<br \/>\n67269 Gr\u00fcnstadt<\/p>\n<p>3 Wohneinheiten<\/p>\n<p>Baujahr_ 1902<br \/>\nGrundst\u00fccksgr\u00f6\u00dfe_ ca.233 qm<br \/>\nWohnfl\u00e4che_ ca. 252 qm<br \/>\nKubikmeter_ ca.1.233,52 qm\/3<\/p>\n<p>Denkmalzone \/ Sanierungsgebiet<\/p>\n<p>Projektbeteiligte_<br \/>\nDipl. Des. Ursula Mueller<\/p>\n<p>Status_<br \/>\nabgeschossen und vollst\u00e4ndig vermietet<\/p>\n<p><strong>KONZEPTION<\/strong><\/p>\n<p>Authentische Sanierung des maroden Geb\u00e4udes mit Erweiterung um eine Wohneinheit im Dachgescho\u00df sowie einer Gaube und Balkonanlage im r\u00fcckw\u00e4rtigen Bereich.<\/p>\n<p>PLANUNG<\/p>\n<p><a href=\"https:\/\/iumdotnet.files.wordpress.com\/2014\/10\/planung.jpg\"><img loading=\"lazy\" decoding=\"async\" class=\"alignnone size-medium wp-image-222\" src=\"https:\/\/iumdotnet.files.wordpress.com\/2014\/10\/planung.jpg?w=300\" alt=\"Planung\" width=\"300\" height=\"206\" \/><\/a><\/p>\n<p>PRESSE<\/p>\n<p><a href=\"https:\/\/iumdotnet.files.wordpress.com\/2014\/10\/bericht-rheinpfalz-02-02.jpg\"><img loading=\"lazy\" decoding=\"async\" class=\"alignnone size-medium wp-image-218\" src=\"https:\/\/iumdotnet.files.wordpress.com\/2014\/10\/bericht-rheinpfalz-02-02.jpg?w=232\" alt=\"Bericht Rheinpfalz, 02.02\" width=\"232\" height=\"300\" \/><\/a><\/p>\n","protected":false},"excerpt":{"rendered":"<p>Projektierung \u201cGr\u00fcnderzeit_ Wohnhaus 1902\u201d 67269 Gr\u00fcnstadt 3 Wohneinheiten Baujahr_ 1902 Grundst\u00fccksgr\u00f6\u00dfe_ ca.233 qm Wohnfl\u00e4che_ ca. 252 qm Kubikmeter_ ca.1.233,52 qm\/3 Denkmalzone \/ Sanierungsgebiet Projektbeteiligte_ Dipl. Des. Ursula Mueller Status_ abgeschossen und vollst\u00e4ndig vermietet KONZEPTION Authentische Sanierung des maroden Geb\u00e4udes mit Erweiterung um eine Wohneinheit im Dachgescho\u00df sowie einer Gaube und Balkonanlage im r\u00fcckw\u00e4rtigen Bereich. PLANUNG [&hellip;]<\/p>\n","protected":false},"author":1,"featured_media":0,"parent":11,"menu_order":0,"comment_status":"closed","ping_status":"closed","template":"","meta":{"footnotes":""},"class_list":["post-13","page","type-page","status-publish","hentry"],"_links":{"self":[{"href":"https:\/\/immobilien-ursula-mueller.de\/index.php?rest_route=\/wp\/v2\/pages\/13","targetHints":{"allow":["GET"]}}],"collection":[{"href":"https:\/\/immobilien-ursula-mueller.de\/index.php?rest_route=\/wp\/v2\/pages"}],"about":[{"href":"https:\/\/immobilien-ursula-mueller.de\/index.php?rest_route=\/wp\/v2\/types\/page"}],"author":[{"embeddable":true,"href":"https:\/\/immobilien-ursula-mueller.de\/index.php?rest_route=\/wp\/v2\/users\/1"}],"replies":[{"embeddable":true,"href":"https:\/\/immobilien-ursula-mueller.de\/index.php?rest_route=%2Fwp%2Fv2%2Fcomments&post=13"}],"version-history":[{"count":7,"href":"https:\/\/immobilien-ursula-mueller.de\/index.php?rest_route=\/wp\/v2\/pages\/13\/revisions"}],"predecessor-version":[{"id":252,"href":"https:\/\/immobilien-ursula-mueller.de\/index.php?rest_route=\/wp\/v2\/pages\/13\/revisions\/252"}],"up":[{"embeddable":true,"href":"https:\/\/immobilien-ursula-mueller.de\/index.php?rest_route=\/wp\/v2\/pages\/11"}],"wp:attachment":[{"href":"https:\/\/immobilien-ursula-mueller.de\/index.php?rest_route=%2Fwp%2Fv2%2Fmedia&parent=13"}],"curies":[{"name":"wp","href":"https:\/\/api.w.org\/{rel}","templated":true}]}}