{"id":21,"date":"2014-11-02T23:26:07","date_gmt":"2014-11-02T22:26:07","guid":{"rendered":"http:\/\/wp12238834.server-he.de\/?page_id=21"},"modified":"2017-10-14T21:18:52","modified_gmt":"2017-10-14T20:18:52","slug":"76870-kandel","status":"publish","type":"page","link":"https:\/\/immobilien-ursula-mueller.de\/?page_id=21","title":{"rendered":"76870 Kandel"},"content":{"rendered":"<p><img loading=\"lazy\" decoding=\"async\" class=\"alignnone wp-image-206\" src=\"http:\/\/immobilien-ursula-mueller.de\/wp-content\/uploads\/2014\/11\/DSC_0004-300x198.jpg\" alt=\"DSC_0004\" width=\"279\" height=\"184\" srcset=\"https:\/\/immobilien-ursula-mueller.de\/wp-content\/uploads\/2014\/11\/DSC_0004-300x198.jpg 300w, https:\/\/immobilien-ursula-mueller.de\/wp-content\/uploads\/2014\/11\/DSC_0004-1024x679.jpg 1024w\" sizes=\"auto, (max-width: 279px) 100vw, 279px\" \/>\u00a0\u00a0<img loading=\"lazy\" decoding=\"async\" class=\"alignnone wp-image-248\" src=\"https:\/\/iumdotnet.files.wordpress.com\/2014\/09\/fachwerk_kandel-1-kopie.jpg?w=300\" alt=\"Fachwerk_Kandel-1 Kopie\" width=\"260\" height=\"184\" \/><\/p>\n<p><em>Bestand_ Ansicht Garten \u00a0 \u00a0 \u00a0 \u00a0 \u00a0 \u00a0 \u00a0 \u00a0 \u00a0 \u00a0 \u00a0 \u00a0 \u00a0 \u00a0 \u00a0 \u00a0 Nach Umbau_ Handskizze, T. Berwald<\/em><\/p>\n<p>&nbsp;<\/p>\n<p><strong>Projektierung \u201cFachwerkhaus Stoll 1729\u201d<\/strong><\/p>\n<p>76870 Kandel<\/p>\n<p>2 Wohneinheiten, 1 Gewerbeeinheit<\/p>\n<p>Baujahr_ 1729<br \/>\nGrundst\u00fccksgr\u00f6\u00dfe_ ca. 305 qm<br \/>\nWohnfl\u00e4che_ ca. 250 qm<br \/>\nKubikmeter_ ca. 950 qm\/3<\/p>\n<p>Einzeldenkmal \/\u00a0Sanierungsgebiet<\/p>\n<p>&nbsp;<\/p>\n<p>Projektbeteiligte_<br \/>\nDipl. Des. Ursula Mueller<\/p>\n<p>umsetzender Architekt_<br \/>\nDipl. Ing. Norbert Z\u00f6ller<\/p>\n<p>Status_<br \/>\nProjekt abgeschlossen und voll vermietet<\/p>\n<p>&nbsp;<\/p>\n<p>PROJEKTIERUNG in historischem Bestand<\/p>\n<p>Ziel dieser Projektierung ist die Neubelebung dieses \u00fcber 20 Jahre\u00a0leerstehenden Geb\u00e4udes durch die Kernsanierung des Bestandes und Erg\u00e4nzung eines Neubaues im r\u00fcckw\u00e4rtigen Bereich.<br \/>\nEs entstehen einmalige Wohnr\u00e4ume sowie eine Gewerbeeinheit, welche einerseits heutigen Anforderungen entsprechen, und andererseits die vergangenen Strukturen in Ihrem Wert achten und nicht zerst\u00f6ren.<\/p>\n<p>Ausz\u00fcge aus dem Gestaltungskonzeptes<\/p>\n<p><a href=\"http:\/\/immobilien-ursula-mueller.de\/wp-content\/uploads\/2014\/11\/Bildschirmfoto-2015-04-22-um-21.15.17.png\"><img loading=\"lazy\" decoding=\"async\" class=\"alignnone size-medium wp-image-268\" src=\"http:\/\/immobilien-ursula-mueller.de\/wp-content\/uploads\/2014\/11\/Bildschirmfoto-2015-04-22-um-21.15.17-300x212.png\" alt=\"Bildschirmfoto 2015-04-22 um 21.15.17\" width=\"300\" height=\"212\" srcset=\"https:\/\/immobilien-ursula-mueller.de\/wp-content\/uploads\/2014\/11\/Bildschirmfoto-2015-04-22-um-21.15.17-300x212.png 300w, https:\/\/immobilien-ursula-mueller.de\/wp-content\/uploads\/2014\/11\/Bildschirmfoto-2015-04-22-um-21.15.17.png 979w\" sizes=\"auto, (max-width: 300px) 100vw, 300px\" \/><\/a>\u00a0 \u00a0<a href=\"http:\/\/immobilien-ursula-mueller.de\/wp-content\/uploads\/2014\/11\/Bildschirmfoto-2015-04-22-um-21.15.34.png\"><img loading=\"lazy\" decoding=\"async\" class=\"alignnone size-medium wp-image-269\" src=\"http:\/\/immobilien-ursula-mueller.de\/wp-content\/uploads\/2014\/11\/Bildschirmfoto-2015-04-22-um-21.15.34-300x212.png\" alt=\"Bildschirmfoto 2015-04-22 um 21.15.34\" width=\"300\" height=\"212\" srcset=\"https:\/\/immobilien-ursula-mueller.de\/wp-content\/uploads\/2014\/11\/Bildschirmfoto-2015-04-22-um-21.15.34-300x212.png 300w, https:\/\/immobilien-ursula-mueller.de\/wp-content\/uploads\/2014\/11\/Bildschirmfoto-2015-04-22-um-21.15.34.png 979w\" sizes=\"auto, (max-width: 300px) 100vw, 300px\" \/><\/a><\/p>\n<p><img loading=\"lazy\" decoding=\"async\" class=\"alignnone size-medium wp-image-270\" src=\"http:\/\/immobilien-ursula-mueller.de\/wp-content\/uploads\/2014\/11\/Bildschirmfoto-2015-04-22-um-21.15.49-300x212.png\" alt=\"Bildschirmfoto 2015-04-22 um 21.15.49\" width=\"300\" height=\"212\" srcset=\"https:\/\/immobilien-ursula-mueller.de\/wp-content\/uploads\/2014\/11\/Bildschirmfoto-2015-04-22-um-21.15.49-300x212.png 300w, https:\/\/immobilien-ursula-mueller.de\/wp-content\/uploads\/2014\/11\/Bildschirmfoto-2015-04-22-um-21.15.49.png 981w\" sizes=\"auto, (max-width: 300px) 100vw, 300px\" \/>\u00a0 \u00a0<img loading=\"lazy\" decoding=\"async\" class=\"alignnone size-medium wp-image-271\" src=\"http:\/\/immobilien-ursula-mueller.de\/wp-content\/uploads\/2014\/11\/Bildschirmfoto-2015-04-22-um-21.16.02-300x212.png\" alt=\"Bildschirmfoto 2015-04-22 um 21.16.02\" width=\"300\" height=\"212\" srcset=\"https:\/\/immobilien-ursula-mueller.de\/wp-content\/uploads\/2014\/11\/Bildschirmfoto-2015-04-22-um-21.16.02-300x212.png 300w, https:\/\/immobilien-ursula-mueller.de\/wp-content\/uploads\/2014\/11\/Bildschirmfoto-2015-04-22-um-21.16.02.png 980w\" sizes=\"auto, (max-width: 300px) 100vw, 300px\" \/><\/p>\n<p><strong>Planung _<\/strong><\/p>\n<p>&nbsp;<\/p>\n<p><a href=\"https:\/\/iumdotnet.files.wordpress.com\/2014\/09\/planung.jpg\"><img loading=\"lazy\" decoding=\"async\" class=\"alignnone size-medium wp-image-224\" src=\"https:\/\/iumdotnet.files.wordpress.com\/2014\/09\/planung.jpg?w=300\" alt=\"Planung\" width=\"300\" height=\"42\" \/><\/a><\/p>\n<p>&nbsp;<\/p>\n<p><strong>Presse_<\/strong><\/p>\n<p><a href=\"http:\/\/immobilien-ursula-mueller.de\/wp-content\/uploads\/2014\/11\/Bildschirmfoto-2014-12-08-um-13.48.18.png\"><img loading=\"lazy\" decoding=\"async\" class=\"alignnone size-medium wp-image-218\" src=\"http:\/\/immobilien-ursula-mueller.de\/wp-content\/uploads\/2014\/11\/Bildschirmfoto-2014-12-08-um-13.48.18-300x258.png\" alt=\"Bildschirmfoto 2014-12-08 um 13.48.18\" width=\"300\" height=\"258\" srcset=\"https:\/\/immobilien-ursula-mueller.de\/wp-content\/uploads\/2014\/11\/Bildschirmfoto-2014-12-08-um-13.48.18-300x258.png 300w, https:\/\/immobilien-ursula-mueller.de\/wp-content\/uploads\/2014\/11\/Bildschirmfoto-2014-12-08-um-13.48.18.png 762w\" sizes=\"auto, (max-width: 300px) 100vw, 300px\" \/><\/a><\/p>\n<p><strong>Impressionen_<\/strong><br \/>\n<a href=\"http:\/\/immobilien-ursula-mueller.de\/wp-content\/uploads\/2014\/11\/IMG_6906.jpg\"><img loading=\"lazy\" decoding=\"async\" class=\"wp-image-518 size-medium alignnone\" src=\"http:\/\/immobilien-ursula-mueller.de\/wp-content\/uploads\/2014\/11\/IMG_7176-e1508009727138-225x300.jpg\" alt=\"\" width=\"225\" height=\"300\" srcset=\"https:\/\/immobilien-ursula-mueller.de\/wp-content\/uploads\/2014\/11\/IMG_7176-e1508009727138-225x300.jpg 225w, https:\/\/immobilien-ursula-mueller.de\/wp-content\/uploads\/2014\/11\/IMG_7176-e1508009727138-768x1024.jpg 768w\" sizes=\"auto, (max-width: 225px) 100vw, 225px\" \/>\u00a0 \u00a0 \u00a0\u00a0<\/a><\/p>\n<p><a href=\"http:\/\/immobilien-ursula-mueller.de\/wp-content\/uploads\/2014\/11\/IMG_6927.jpg\"><img loading=\"lazy\" decoding=\"async\" class=\"alignnone size-medium wp-image-520\" src=\"http:\/\/immobilien-ursula-mueller.de\/wp-content\/uploads\/2014\/11\/IMG_6927-300x225.jpg\" alt=\"\" width=\"300\" height=\"225\" srcset=\"https:\/\/immobilien-ursula-mueller.de\/wp-content\/uploads\/2014\/11\/IMG_6927-300x225.jpg 300w, https:\/\/immobilien-ursula-mueller.de\/wp-content\/uploads\/2014\/11\/IMG_6927-768x576.jpg 768w, https:\/\/immobilien-ursula-mueller.de\/wp-content\/uploads\/2014\/11\/IMG_6927-1024x768.jpg 1024w\" sizes=\"auto, (max-width: 300px) 100vw, 300px\" \/>\u00a0 \u00a0\u00a0<img loading=\"lazy\" decoding=\"async\" class=\"alignnone wp-image-521 \" src=\"http:\/\/immobilien-ursula-mueller.de\/wp-content\/uploads\/2014\/11\/IMG_6906-e1508009752452-225x300.jpg\" alt=\"\" width=\"149\" height=\"198\" srcset=\"https:\/\/immobilien-ursula-mueller.de\/wp-content\/uploads\/2014\/11\/IMG_6906-e1508009752452-225x300.jpg 225w, https:\/\/immobilien-ursula-mueller.de\/wp-content\/uploads\/2014\/11\/IMG_6906-e1508009752452-768x1024.jpg 768w\" sizes=\"auto, (max-width: 149px) 100vw, 149px\" \/><\/a><\/p>\n<p>&nbsp;<\/p>\n<p><a href=\"http:\/\/immobilien-ursula-mueller.de\/wp-content\/uploads\/2014\/11\/DSC_0048.jpg\"><img loading=\"lazy\" decoding=\"async\" class=\"alignnone size-medium wp-image-465\" src=\"http:\/\/immobilien-ursula-mueller.de\/wp-content\/uploads\/2014\/11\/DSC_0048-300x199.jpg\" alt=\"\" width=\"300\" height=\"199\" srcset=\"https:\/\/immobilien-ursula-mueller.de\/wp-content\/uploads\/2014\/11\/DSC_0048-300x199.jpg 300w, https:\/\/immobilien-ursula-mueller.de\/wp-content\/uploads\/2014\/11\/DSC_0048-768x511.jpg 768w, https:\/\/immobilien-ursula-mueller.de\/wp-content\/uploads\/2014\/11\/DSC_0048-1024x681.jpg 1024w\" sizes=\"auto, (max-width: 300px) 100vw, 300px\" \/><\/a><\/p>\n<p><a href=\"http:\/\/immobilien-ursula-mueller.de\/wp-content\/uploads\/2014\/11\/DSC_0046-1.jpg\"><img loading=\"lazy\" decoding=\"async\" class=\"alignnone size-medium wp-image-466\" src=\"http:\/\/immobilien-ursula-mueller.de\/wp-content\/uploads\/2014\/11\/DSC_0046-1-300x199.jpg\" alt=\"\" width=\"300\" height=\"199\" srcset=\"https:\/\/immobilien-ursula-mueller.de\/wp-content\/uploads\/2014\/11\/DSC_0046-1-300x199.jpg 300w, https:\/\/immobilien-ursula-mueller.de\/wp-content\/uploads\/2014\/11\/DSC_0046-1-768x511.jpg 768w, https:\/\/immobilien-ursula-mueller.de\/wp-content\/uploads\/2014\/11\/DSC_0046-1-1024x681.jpg 1024w\" sizes=\"auto, (max-width: 300px) 100vw, 300px\" \/><\/a><\/p>\n<p>&nbsp;<\/p>\n<p><a href=\"http:\/\/immobilien-ursula-mueller.de\/wp-content\/uploads\/2014\/11\/DSC_0013-1.jpg\"><img loading=\"lazy\" decoding=\"async\" class=\"alignnone wp-image-467 size-medium\" src=\"http:\/\/immobilien-ursula-mueller.de\/wp-content\/uploads\/2014\/11\/DSC_0013-1-e1508009991179-199x300.jpg\" alt=\"\" width=\"199\" height=\"300\" srcset=\"https:\/\/immobilien-ursula-mueller.de\/wp-content\/uploads\/2014\/11\/DSC_0013-1-e1508009991179-199x300.jpg 199w, https:\/\/immobilien-ursula-mueller.de\/wp-content\/uploads\/2014\/11\/DSC_0013-1-e1508009991179-768x1155.jpg 768w, https:\/\/immobilien-ursula-mueller.de\/wp-content\/uploads\/2014\/11\/DSC_0013-1-e1508009991179-681x1024.jpg 681w, https:\/\/immobilien-ursula-mueller.de\/wp-content\/uploads\/2014\/11\/DSC_0013-1-e1508009991179.jpg 2000w\" sizes=\"auto, (max-width: 199px) 100vw, 199px\" \/><\/a>\u00a0 \u00a0 \u00a0<a href=\"http:\/\/immobilien-ursula-mueller.de\/wp-content\/uploads\/2014\/11\/DSC_0013.jpg\"><img loading=\"lazy\" decoding=\"async\" class=\"alignnone size-medium wp-image-461\" src=\"http:\/\/immobilien-ursula-mueller.de\/wp-content\/uploads\/2014\/11\/DSC_0013-300x199.jpg\" alt=\"\" width=\"300\" height=\"199\" srcset=\"https:\/\/immobilien-ursula-mueller.de\/wp-content\/uploads\/2014\/11\/DSC_0013-300x199.jpg 300w, https:\/\/immobilien-ursula-mueller.de\/wp-content\/uploads\/2014\/11\/DSC_0013-768x511.jpg 768w, https:\/\/immobilien-ursula-mueller.de\/wp-content\/uploads\/2014\/11\/DSC_0013-1024x681.jpg 1024w\" sizes=\"auto, (max-width: 300px) 100vw, 300px\" \/><\/a><\/p>\n<p>&nbsp;<\/p>\n","protected":false},"excerpt":{"rendered":"<p>\u00a0\u00a0 Bestand_ Ansicht Garten \u00a0 \u00a0 \u00a0 \u00a0 \u00a0 \u00a0 \u00a0 \u00a0 \u00a0 \u00a0 \u00a0 \u00a0 \u00a0 \u00a0 \u00a0 \u00a0 Nach Umbau_ Handskizze, T. Berwald &nbsp; Projektierung \u201cFachwerkhaus Stoll 1729\u201d 76870 Kandel 2 Wohneinheiten, 1 Gewerbeeinheit Baujahr_ 1729 Grundst\u00fccksgr\u00f6\u00dfe_ ca. 305 qm Wohnfl\u00e4che_ ca. 250 qm Kubikmeter_ ca. 950 qm\/3 Einzeldenkmal \/\u00a0Sanierungsgebiet &nbsp; Projektbeteiligte_ Dipl. [&hellip;]<\/p>\n","protected":false},"author":1,"featured_media":0,"parent":11,"menu_order":4,"comment_status":"closed","ping_status":"closed","template":"","meta":{"footnotes":""},"class_list":["post-21","page","type-page","status-publish","hentry"],"_links":{"self":[{"href":"https:\/\/immobilien-ursula-mueller.de\/index.php?rest_route=\/wp\/v2\/pages\/21","targetHints":{"allow":["GET"]}}],"collection":[{"href":"https:\/\/immobilien-ursula-mueller.de\/index.php?rest_route=\/wp\/v2\/pages"}],"about":[{"href":"https:\/\/immobilien-ursula-mueller.de\/index.php?rest_route=\/wp\/v2\/types\/page"}],"author":[{"embeddable":true,"href":"https:\/\/immobilien-ursula-mueller.de\/index.php?rest_route=\/wp\/v2\/users\/1"}],"replies":[{"embeddable":true,"href":"https:\/\/immobilien-ursula-mueller.de\/index.php?rest_route=%2Fwp%2Fv2%2Fcomments&post=21"}],"version-history":[{"count":34,"href":"https:\/\/immobilien-ursula-mueller.de\/index.php?rest_route=\/wp\/v2\/pages\/21\/revisions"}],"predecessor-version":[{"id":542,"href":"https:\/\/immobilien-ursula-mueller.de\/index.php?rest_route=\/wp\/v2\/pages\/21\/revisions\/542"}],"up":[{"embeddable":true,"href":"https:\/\/immobilien-ursula-mueller.de\/index.php?rest_route=\/wp\/v2\/pages\/11"}],"wp:attachment":[{"href":"https:\/\/immobilien-ursula-mueller.de\/index.php?rest_route=%2Fwp%2Fv2%2Fmedia&parent=21"}],"curies":[{"name":"wp","href":"https:\/\/api.w.org\/{rel}","templated":true}]}}