{"id":247,"date":"2015-04-17T20:02:51","date_gmt":"2015-04-17T19:02:51","guid":{"rendered":"http:\/\/immobilien-ursula-mueller.de\/?page_id=247"},"modified":"2019-01-26T09:04:53","modified_gmt":"2019-01-26T08:04:53","slug":"67480-edenkoben","status":"publish","type":"page","link":"https:\/\/immobilien-ursula-mueller.de\/?page_id=247","title":{"rendered":"67480 Edenkoben"},"content":{"rendered":"<p><a href=\"http:\/\/immobilien-ursula-mueller.de\/wp-content\/uploads\/2015\/04\/Foto-1.jpg\"><img loading=\"lazy\" decoding=\"async\" class=\"alignnone size-medium wp-image-237\" src=\"http:\/\/immobilien-ursula-mueller.de\/wp-content\/uploads\/2015\/04\/Foto-1-300x225.jpg\" alt=\"Foto 1\" width=\"300\" height=\"225\" srcset=\"https:\/\/immobilien-ursula-mueller.de\/wp-content\/uploads\/2015\/04\/Foto-1-300x225.jpg 300w, https:\/\/immobilien-ursula-mueller.de\/wp-content\/uploads\/2015\/04\/Foto-1-1024x768.jpg 1024w\" sizes=\"auto, (max-width: 300px) 100vw, 300px\" \/><\/a><\/p>\n<p><strong>Projektierung \u201cWeinstrasse 82\u201d<\/strong><\/p>\n<p>2 Wohneinheiten \/ 1 Gewerbeeinheit<\/p>\n<p>Baujahr_ 1857<\/p>\n<p>Denkmalzone \/ Sanierungsgebiet<\/p>\n<p>Grundst\u00fccksgr\u00f6\u00dfe_ ca. 70 qm<br \/>\nWohn- Nutzfl\u00e4che ca. 250 qm<\/p>\n<p>Projektbeteiligte_<\/p>\n<p>Dipl. Des. Ursula Mueller<\/p>\n<p>Status_<br \/>\nSanierung<\/p>\n<p>KONZEPT<\/p>\n<p>Bei der Neubelebung dieses Geb\u00e4udes steht das &#8222;Sichtbarmachen&#8220; verborgener Qualit\u00e4ten im Vordergrund. Nach R\u00fcckbau in den\u00a0Originalzustand wird die r\u00e4umliche Kleinstrukturiertheit in den Wohnr\u00e4umlichkeiten im oberen Teil bewu\u00dft behalten und inszeniert werden, die z.T. internen Fachwerkw\u00e4nde freigelegt. Der momentan nicht wirklich wertgesch\u00e4tzte Gew\u00f6lbekeller wird Mittelpunkt der, sich im unteren Bereich des Hauses befindenden, Gewerber\u00e4umlichkeiten\u00a0werden.\u00a0Das Ph\u00e4nomen der beiden Zug\u00e4nge (Weinstrasse \/ Berggasse) wird beibehalten, und wie bisher\u00a0die Bereiche Wohnen und Gewerbe logistisch trennen. Inhaltlich sehe ich\u00a0die Ambivalenz des Anwesen, (extrem massive Sandsteinmauern &#8211; zartes Fachwerk \/ Ruhen &#8211; Arbeiten \/ Unter der Erde, schwer, eng &#8211; Hoch oben mit Aussicht, leicht, weit usw.) und werde versuchen diese als Merkmal zu visualisieren.<\/p>\n<p>Baulich wird das Geb\u00e4ude zuerst r\u00fcckgebaut und erhaltene Originalbestandteile wie z.B. Holzb\u00f6den, Vert\u00e4felungen, T\u00fcren gesichert,\u00a0erhalten und stilgerecht aufgearbeitet. Alle Neuinstallationen und Einbauten werden bauphysikalisch homogen des Geb\u00e4udes ausgef\u00fchrt. Es werden ausschlie\u00dflich diffusionsoffene Putze verwendet, vorwiegend Lehm und Kalk. Eine speziell f\u00fcr dieses Geb\u00e4udes berechnete Wandheizung sorgt nachhaltig f\u00fcr ein trockenes Mauerwerk und erw\u00e4rmt die R\u00e4umlichkeiten nicht \u00fcber die Luft sondern sehr viel behaglicher \u00fcber die Geb\u00e4udematerie\u00a0selbst.<\/p>\n<p>&nbsp;<\/p>\n<p>PLANUNG, e<em>rste Entw\u00fcrfe<\/em><\/p>\n<p><em><img loading=\"lazy\" decoding=\"async\" class=\"alignnone wp-image-395\" src=\"http:\/\/immobilien-ursula-mueller.de\/wp-content\/uploads\/2015\/04\/Scan-127-212x300.jpeg\" alt=\"Scan 127\" width=\"127\" height=\"180\" srcset=\"https:\/\/immobilien-ursula-mueller.de\/wp-content\/uploads\/2015\/04\/Scan-127-212x300.jpeg 212w, https:\/\/immobilien-ursula-mueller.de\/wp-content\/uploads\/2015\/04\/Scan-127-768x1086.jpeg 768w, https:\/\/immobilien-ursula-mueller.de\/wp-content\/uploads\/2015\/04\/Scan-127-724x1024.jpeg 724w\" sizes=\"auto, (max-width: 127px) 100vw, 127px\" \/>\u00a0\u00a0<img loading=\"lazy\" decoding=\"async\" class=\"alignnone wp-image-396\" src=\"http:\/\/immobilien-ursula-mueller.de\/wp-content\/uploads\/2015\/04\/Scan-129-212x300.jpeg\" alt=\"Scan 129\" width=\"128\" height=\"181\" srcset=\"https:\/\/immobilien-ursula-mueller.de\/wp-content\/uploads\/2015\/04\/Scan-129-212x300.jpeg 212w, https:\/\/immobilien-ursula-mueller.de\/wp-content\/uploads\/2015\/04\/Scan-129-768x1086.jpeg 768w, https:\/\/immobilien-ursula-mueller.de\/wp-content\/uploads\/2015\/04\/Scan-129-724x1024.jpeg 724w\" sizes=\"auto, (max-width: 128px) 100vw, 128px\" \/>\u00a0 <a href=\"http:\/\/immobilien-ursula-mueller.de\/wp-content\/uploads\/2015\/04\/Scan-126.jpeg\" rel=\"attachment wp-att-394\"><img loading=\"lazy\" decoding=\"async\" class=\"alignnone wp-image-394\" src=\"http:\/\/immobilien-ursula-mueller.de\/wp-content\/uploads\/2015\/04\/Scan-126-212x300.jpeg\" alt=\"Scan 126\" width=\"128\" height=\"181\" srcset=\"https:\/\/immobilien-ursula-mueller.de\/wp-content\/uploads\/2015\/04\/Scan-126-212x300.jpeg 212w, https:\/\/immobilien-ursula-mueller.de\/wp-content\/uploads\/2015\/04\/Scan-126-768x1086.jpeg 768w, https:\/\/immobilien-ursula-mueller.de\/wp-content\/uploads\/2015\/04\/Scan-126-724x1024.jpeg 724w\" sizes=\"auto, (max-width: 128px) 100vw, 128px\" \/><\/a>\u00a0<\/em><\/p>\n<p>&nbsp;<\/p>\n<p><a href=\"http:\/\/immobilien-ursula-mueller.de\/wp-content\/uploads\/2015\/04\/SKMBT_C45116051711540.pdf\">genehmigte Pl\u00e4ne<\/a><\/p>\n<p>&nbsp;<\/p>\n<p>&nbsp;<\/p>\n","protected":false},"excerpt":{"rendered":"<p>Projektierung \u201cWeinstrasse 82\u201d 2 Wohneinheiten \/ 1 Gewerbeeinheit Baujahr_ 1857 Denkmalzone \/ Sanierungsgebiet Grundst\u00fccksgr\u00f6\u00dfe_ ca. 70 qm Wohn- Nutzfl\u00e4che ca. 250 qm Projektbeteiligte_ Dipl. Des. Ursula Mueller Status_ Sanierung KONZEPT Bei der Neubelebung dieses Geb\u00e4udes steht das &#8222;Sichtbarmachen&#8220; verborgener Qualit\u00e4ten im Vordergrund. Nach R\u00fcckbau in den\u00a0Originalzustand wird die r\u00e4umliche Kleinstrukturiertheit in den Wohnr\u00e4umlichkeiten im oberen [&hellip;]<\/p>\n","protected":false},"author":1,"featured_media":0,"parent":11,"menu_order":0,"comment_status":"closed","ping_status":"closed","template":"","meta":{"footnotes":""},"class_list":["post-247","page","type-page","status-publish","hentry"],"_links":{"self":[{"href":"https:\/\/immobilien-ursula-mueller.de\/index.php?rest_route=\/wp\/v2\/pages\/247","targetHints":{"allow":["GET"]}}],"collection":[{"href":"https:\/\/immobilien-ursula-mueller.de\/index.php?rest_route=\/wp\/v2\/pages"}],"about":[{"href":"https:\/\/immobilien-ursula-mueller.de\/index.php?rest_route=\/wp\/v2\/types\/page"}],"author":[{"embeddable":true,"href":"https:\/\/immobilien-ursula-mueller.de\/index.php?rest_route=\/wp\/v2\/users\/1"}],"replies":[{"embeddable":true,"href":"https:\/\/immobilien-ursula-mueller.de\/index.php?rest_route=%2Fwp%2Fv2%2Fcomments&post=247"}],"version-history":[{"count":21,"href":"https:\/\/immobilien-ursula-mueller.de\/index.php?rest_route=\/wp\/v2\/pages\/247\/revisions"}],"predecessor-version":[{"id":625,"href":"https:\/\/immobilien-ursula-mueller.de\/index.php?rest_route=\/wp\/v2\/pages\/247\/revisions\/625"}],"up":[{"embeddable":true,"href":"https:\/\/immobilien-ursula-mueller.de\/index.php?rest_route=\/wp\/v2\/pages\/11"}],"wp:attachment":[{"href":"https:\/\/immobilien-ursula-mueller.de\/index.php?rest_route=%2Fwp%2Fv2%2Fmedia&parent=247"}],"curies":[{"name":"wp","href":"https:\/\/api.w.org\/{rel}","templated":true}]}}