{"id":29,"date":"2014-11-02T23:27:13","date_gmt":"2014-11-02T21:27:13","guid":{"rendered":"http:\/\/wp12238834.server-he.de\/?page_id=29"},"modified":"2018-10-21T11:53:57","modified_gmt":"2018-10-21T10:53:57","slug":"profil","status":"publish","type":"page","link":"https:\/\/immobilien-ursula-mueller.de\/?page_id=29","title":{"rendered":"Profil"},"content":{"rendered":"<p>&nbsp;<\/p>\n<p>&nbsp;<\/p>\n<p><strong>Ursula Mueller<\/strong><\/p>\n<p>1988 &#8211; 1994<br \/>\nStudium an der Fachhochschule f\u00fcr Gestaltung in Pforzheim \/ Hochschule der K\u00fcnste in Berlin mit Abschlu\u00df &#8222;Diplom&#8220;.<br \/>\nselbstst\u00e4ndige T\u00e4tigkeit im Bereich Interieur.<br \/>\nGesch\u00e4ftsf\u00fchrende Inhaberin mit Firmensitz in 76771 H\u00f6rdt<br \/>\nseit 1996 Mitglied im Verband &#8222;Allianz deutscher Designer&#8220;, AGD<\/p>\n<p>2002<br \/>\nAusbildung zur Immobilienmaklerin<br \/>\nseit 2003<br \/>\nselbstst\u00e4ndige T\u00e4tigkeit im Bereich Immobilienverkauf \/ Vermietung sowie Projektierung in historischem Bestand.<br \/>\nGesch\u00e4ftsf\u00fchrende Inhaberin mit Firmensitz in 76771 H\u00f6rdt<\/p>\n<p>&nbsp;<\/p>\n<p>&nbsp;<\/p>\n","protected":false},"excerpt":{"rendered":"<p>&nbsp; &nbsp; Ursula Mueller 1988 &#8211; 1994 Studium an der Fachhochschule f\u00fcr Gestaltung in Pforzheim \/ Hochschule der K\u00fcnste in Berlin mit Abschlu\u00df &#8222;Diplom&#8220;. selbstst\u00e4ndige T\u00e4tigkeit im Bereich Interieur. Gesch\u00e4ftsf\u00fchrende Inhaberin mit Firmensitz in 76771 H\u00f6rdt seit 1996 Mitglied im Verband &#8222;Allianz deutscher Designer&#8220;, AGD 2002 Ausbildung zur Immobilienmaklerin seit 2003 selbstst\u00e4ndige T\u00e4tigkeit im Bereich [&hellip;]<\/p>\n","protected":false},"author":1,"featured_media":0,"parent":0,"menu_order":4,"comment_status":"closed","ping_status":"closed","template":"","meta":{"footnotes":""},"class_list":["post-29","page","type-page","status-publish","hentry"],"_links":{"self":[{"href":"https:\/\/immobilien-ursula-mueller.de\/index.php?rest_route=\/wp\/v2\/pages\/29","targetHints":{"allow":["GET"]}}],"collection":[{"href":"https:\/\/immobilien-ursula-mueller.de\/index.php?rest_route=\/wp\/v2\/pages"}],"about":[{"href":"https:\/\/immobilien-ursula-mueller.de\/index.php?rest_route=\/wp\/v2\/types\/page"}],"author":[{"embeddable":true,"href":"https:\/\/immobilien-ursula-mueller.de\/index.php?rest_route=\/wp\/v2\/users\/1"}],"replies":[{"embeddable":true,"href":"https:\/\/immobilien-ursula-mueller.de\/index.php?rest_route=%2Fwp%2Fv2%2Fcomments&post=29"}],"version-history":[{"count":45,"href":"https:\/\/immobilien-ursula-mueller.de\/index.php?rest_route=\/wp\/v2\/pages\/29\/revisions"}],"predecessor-version":[{"id":616,"href":"https:\/\/immobilien-ursula-mueller.de\/index.php?rest_route=\/wp\/v2\/pages\/29\/revisions\/616"}],"wp:attachment":[{"href":"https:\/\/immobilien-ursula-mueller.de\/index.php?rest_route=%2Fwp%2Fv2%2Fmedia&parent=29"}],"curies":[{"name":"wp","href":"https:\/\/api.w.org\/{rel}","templated":true}]}}